{"id":4102,"date":"2025-11-19T14:52:59","date_gmt":"2025-11-19T13:52:59","guid":{"rendered":"https:\/\/naton.network\/?page_id=4102"},"modified":"2025-11-19T14:55:10","modified_gmt":"2025-11-19T13:55:10","slug":"sitemap","status":"publish","type":"page","link":"https:\/\/naton.network\/en\/sitemap\/","title":{"rendered":"Sitemap"},"content":{"rendered":"<div class=\"wsp-container\"><h2 class=\"wsp-pages-title\">Pages<\/h2>\n<ul class=\"wsp-pages-list\">\n<li class=\"page_item page-item-531\"><a href=\"https:\/\/naton.network\/en\/cookie-policy\/\">Cookies<\/a><\/li>\n<li class=\"page_item page-item-763\"><a href=\"https:\/\/naton.network\/en\/data-warehouse\/\">Data Warehouse<\/a><\/li>\n<li class=\"page_item page-item-1529\"><a href=\"https:\/\/naton.network\/en\/datenplattform\/\">Data platform<\/a><\/li>\n<li class=\"page_item page-item-746\"><a href=\"https:\/\/naton.network\/en\/defeat-pandemics\/\">DEFEAT PANDEMIcs<\/a><\/li>\n<li class=\"page_item page-item-808\"><a href=\"https:\/\/naton.network\/en\/deregcovid\/\">German Registry for COVID-19 Autopsies (DeRegCOVID)<\/a><\/li>\n<li class=\"page_item page-item-764\"><a href=\"https:\/\/naton.network\/en\/expertenkreis\/\">Expert Circle<\/a><\/li>\n<li class=\"page_item page-item-4089\"><a href=\"https:\/\/naton.network\/en\/forschungsanfragen\/\">Material Request<\/a><\/li>\n<li class=\"page_item page-item-762\"><a href=\"https:\/\/naton.network\/en\/governance\/\">Governance<\/a><\/li>\n<li class=\"page_item page-item-732\"><a href=\"https:\/\/naton.network\/en\/impressum\/\">Imprint<\/a><\/li>\n<li class=\"page_item page-item-661\"><a href=\"https:\/\/naton.network\/en\/kontakt\/\">Contact<\/a><\/li>\n<li class=\"page_item page-item-765\"><a href=\"https:\/\/naton.network\/en\/methoden-toolbox\/\">Methods Toolbox<\/a><\/li>\n<li class=\"page_item page-item-2176\"><a href=\"https:\/\/naton.network\/en\/methodenplattform\/\">Method platform<\/a><\/li>\n<li class=\"page_item page-item-3150 page_item_has_children\"><a href=\"https:\/\/naton.network\/en\/nareg\/\">National Autopsy Registry<\/a>\n<ul class='children'>\n\t<li class=\"page_item page-item-3157 page_item_has_children\"><a href=\"https:\/\/naton.network\/en\/nareg\/informationen\/\">Information<\/a>\n\t<ul class='children'>\n\t\t<li class=\"page_item page-item-3397\"><a href=\"https:\/\/naton.network\/en\/nareg\/informationen\/register\/\">National Autopsy Registry<\/a><\/li>\n\t\t<li class=\"page_item page-item-3395\"><a href=\"https:\/\/naton.network\/en\/nareg\/informationen\/obduktionen\/\">Autopsies<\/a><\/li>\n\t<\/ul>\n<\/li>\n<\/ul>\n<\/li>\n<li class=\"page_item page-item-27\"><a href=\"https:\/\/naton.network\/en\/\">NATON<\/a><\/li>\n<li class=\"page_item page-item-2712\"><a href=\"https:\/\/naton.network\/en\/newsletter\/\">Newsletter<\/a><\/li>\n<li class=\"page_item page-item-1596\"><a href=\"https:\/\/naton.network\/en\/oldmethoden\/\">OLD<\/a><\/li>\n<li class=\"page_item page-item-353\"><a href=\"https:\/\/naton.network\/en\/pressemitteilungen\/\">Press<\/a><\/li>\n<li class=\"page_item page-item-355\"><a href=\"https:\/\/naton.network\/en\/publikationen\/\">Publications<\/a><\/li>\n<li class=\"page_item page-item-2138\"><a href=\"https:\/\/naton.network\/en\/service\/\">Services<\/a><\/li>\n<li class=\"page_item page-item-56\"><a href=\"https:\/\/naton.network\/en\/ueber-das-netzwerk\/\">About the network<\/a><\/li>\n<li class=\"page_item page-item-64\"><a href=\"https:\/\/naton.network\/en\/umsetzung-des-projekts\/\">Project Implementation<\/a><\/li>\n<li class=\"page_item page-item-766\"><a href=\"https:\/\/naton.network\/en\/hauptforschungsbereiche\/\">Use Cases<\/a><\/li>\n<li class=\"page_item page-item-2749\"><a href=\"https:\/\/naton.network\/en\/anmeldung-netzwerktreffen\/\">Anmeldung Netzwerktreffen<\/a><\/li>\n<li class=\"page_item page-item-1330 current_page_parent\"><a href=\"https:\/\/naton.network\/en\/blog\/\">Blog<\/a><\/li>\n<li class=\"page_item page-item-1368\"><a href=\"https:\/\/naton.network\/en\/etn_category\/\">Etn Category<\/a><\/li>\n<li class=\"page_item page-item-1370\"><a href=\"https:\/\/naton.network\/en\/etn-speaker-category\/\">Etn Speaker Category<\/a><\/li>\n<li class=\"page_item page-item-1369\"><a href=\"https:\/\/naton.network\/en\/etn-tags\/\">Etn Tags<\/a><\/li>\n<li class=\"page_item page-item-1386\"><a href=\"https:\/\/naton.network\/en\/event-organizers\/\">Event Organizers<\/a><\/li>\n<li class=\"page_item page-item-1379\"><a href=\"https:\/\/naton.network\/en\/event-sites-locations\/\">Event Sites &#038; Locations<\/a><\/li>\n<li class=\"page_item page-item-1383\"><a href=\"https:\/\/naton.network\/en\/event-types\/\">Event Types<\/a><\/li>\n<li class=\"page_item page-item-1380\"><a href=\"https:\/\/naton.network\/en\/events\/\">Events<\/a><\/li>\n<li class=\"page_item page-item-2263\"><a href=\"https:\/\/naton.network\/en\/event-directory\/\">Events<\/a><\/li>\n<li class=\"page_item page-item-2365\"><a href=\"https:\/\/naton.network\/en\/my-calendar\/\">My Calendar<\/a><\/li>\n<li class=\"page_item page-item-1964\"><a href=\"https:\/\/naton.network\/en\/naton-en\/\">NATON en<\/a><\/li>\n<li class=\"page_item page-item-2743\"><a href=\"https:\/\/naton.network\/en\/netzwerktreffen-2024\/\">Netzwerktreffen 2024<\/a><\/li>\n<li class=\"page_item page-item-2568\"><a href=\"https:\/\/naton.network\/en\/news\/\">News<\/a><\/li>\n<li class=\"page_item page-item-1605\"><a href=\"https:\/\/naton.network\/en\/office-2\/\">Office<\/a><\/li>\n<li class=\"page_item page-item-1378\"><a href=\"https:\/\/naton.network\/en\/performers\/\">Performers<\/a><\/li>\n<li class=\"page_item page-item-2401\"><a href=\"https:\/\/naton.network\/en\/publikationen_alt\/\">Publikationen_alt<\/a><\/li>\n<li class=\"page_item page-item-4102\"><a href=\"https:\/\/naton.network\/en\/sitemap\/\">Sitemap<\/a><\/li>\n<li class=\"page_item page-item-1384\"><a href=\"https:\/\/naton.network\/en\/submit-event\/\">Submit Event<\/a><\/li>\n<li class=\"page_item page-item-1382\"><a href=\"https:\/\/naton.network\/en\/user-profile\/\">User Profile<\/a><\/li>\n<\/ul>\n<h2 class=\"wsp-posts-title\">Posts by category<\/h2>\n<ul class=\"wsp-posts-list\">\n\t<li><strong class=\"wsp-category-title\">Category: <a href=\"https:\/\/naton.network\/en\/category\/allgemein\/\">Allgemein<\/a><\/strong>\n<ul class=\"wsp-posts-list\">\t\t<li class=\"wsp-post\"><a href=\"https:\/\/naton.network\/en\/german-japanese-forensic-forum-2026\/\">German-Japanese Forensic Forum 2026<\/a><\/li>\n\t\t<li class=\"wsp-post\"><a href=\"https:\/\/naton.network\/en\/num-convention-1-naton-quartalsmeeting-2026\/\">NUM Convention &amp; 1. NATON Quartalsmeeting 2026<\/a><\/li>\n\t\t<li class=\"wsp-post\"><a href=\"https:\/\/naton.network\/en\/naton-wuenscht-frohe-feiertage-3\/\">NATON w\u00fcnscht frohe Feiertage<\/a><\/li>\n\t\t<li class=\"wsp-post\"><a href=\"https:\/\/naton.network\/en\/vierte-naton-quartalsmeeting-2025\/\">4th NATON quarterly meeting 2025<\/a><\/li>\n\t\t<li class=\"wsp-post\"><a href=\"https:\/\/naton.network\/en\/naton-in-china\/\">NATON in China<\/a><\/li>\n\t\t<li class=\"wsp-post\"><a href=\"https:\/\/naton.network\/en\/drittes-naton-quartalsmeeting-2025\/\">3rd NATON quarterly meeting 2025<\/a><\/li>\n\t\t<li class=\"wsp-post\"><a href=\"https:\/\/naton.network\/en\/naton-nach-der-pandemie-ein-leitthemen-beitrag\/\">NATON nach der Pandemie &#8211; ein Leitthemen-Beitrag<\/a><\/li>\n\t\t<li class=\"wsp-post\"><a href=\"https:\/\/naton.network\/en\/warum-kinder-seltener-schwer-an-covid-19-erkranken\/\">Warum Kinder seltener schwer an COVID-19 erkranken<\/a><\/li>\n\t\t<li class=\"wsp-post\"><a href=\"https:\/\/naton.network\/en\/zweites-naton-quartalsmeeting-2025-bei-der-dgp-jahrestagung\/\">Second NATON Quarterly Meeting 2025 at the DGP Annual Conference<\/a><\/li>\n\t\t<li class=\"wsp-post\"><a href=\"https:\/\/naton.network\/en\/naton-in-nigeria\/\">NATON in Nigeria<\/a><\/li>\n\t\t<li class=\"wsp-post\"><a href=\"https:\/\/naton.network\/en\/was-kostet-ein-register-und-was-ist-es-wert\/\">What does a registry cost &#8211; and what is it worth?<\/a><\/li>\n\t\t<li class=\"wsp-post\"><a href=\"https:\/\/naton.network\/en\/naton-bei-den-registertagen-der-tmf-die-bedeutung-von-registern\/\">NATON at the TMF Registry Days: The Importance of Registries<\/a><\/li>\n\t\t<li class=\"wsp-post\"><a href=\"https:\/\/naton.network\/en\/naton-publikation-einfluss-der-pandemie-auf-rechtsmedizin\/\">Auswirkungen der Pandemie auf die Einlieferung Verstorbener in ein Institut f\u00fcr Rechtsmedizin<\/a><\/li>\n\t\t<li class=\"wsp-post\"><a href=\"https:\/\/naton.network\/en\/naton-treffen-fuer-praeparatorinnen\/\">NATON-Treffen f\u00fcr Pr\u00e4parator:innen<\/a><\/li>\n\t\t<li class=\"wsp-post\"><a href=\"https:\/\/naton.network\/en\/mits-vortrag-am-bernhard-nocht-institut\/\">MITS-Vortrag am Bernhard-Nocht-Institut<\/a><\/li>\n\t\t<li class=\"wsp-post\"><a href=\"https:\/\/naton.network\/en\/naton-bei-der-num-convention-2025\/\">NATON at the NUM Convention 2025<\/a><\/li>\n\t\t<li class=\"wsp-post\"><a href=\"https:\/\/naton.network\/en\/naton-fallstudie-zu-toedlicher-vitt-aehnlicher-thrombose\/\">NATON case study on fatal VITT-like thrombosis<\/a><\/li>\n\t\t<li class=\"wsp-post\"><a href=\"https:\/\/naton.network\/en\/naton-wuenscht-frohe-feiertage-2\/\">NATON wishes you happy holidays\u00a0<\/a><\/li>\n\t\t<li class=\"wsp-post\"><a href=\"https:\/\/naton.network\/en\/postmortale-biopsien-mit-vr-technologie\/\">Postmortem biopsies using VR technology\u00a0<\/a><\/li>\n\t\t<li class=\"wsp-post\"><a href=\"https:\/\/naton.network\/en\/naton-publikation-zu-long-covid-ansammlung-von-spike-protein\/\">NATON publication on Long COVID: accumulation of spike protein\u00a0<\/a><\/li>\n\t\t<li class=\"wsp-post\"><a href=\"https:\/\/naton.network\/en\/mits-workshop-in-hamburg\/\">MITS-workshop in Hamburg\u00a0<\/a><\/li>\n\t\t<li class=\"wsp-post\"><a href=\"https:\/\/naton.network\/en\/naton-klaert-zu-covid-mythen-auf\/\">NATON addresses COVID myths\u00a0<\/a><\/li>\n\t\t<li class=\"wsp-post\"><a href=\"https:\/\/naton.network\/en\/4-naton-quartalsmeeting-2024\/\">4th NATON Quaterly Meeting 2024<\/a><\/li>\n\t\t<li class=\"wsp-post\"><a href=\"https:\/\/naton.network\/en\/naton-im-video\/\">NATON in video\u00a0<\/a><\/li>\n\t\t<li class=\"wsp-post\"><a href=\"https:\/\/naton.network\/en\/3-naton-quartalsmeeting-2024\/\">3rd NATON Quaterly Meeting 2024<\/a><\/li>\n\t\t<li class=\"wsp-post\"><a href=\"https:\/\/naton.network\/en\/naton-bei-der-gmds-2024\/\">NATON at GMDS 2024\u00a0<\/a><\/li>\n\t\t<li class=\"wsp-post\"><a href=\"https:\/\/naton.network\/en\/naton-bei-der-103-dgrm-jahrestagung-in-potsdam\/\">NATON at the 103rd DGRM annual conference in Potsdam\u00a0<\/a><\/li>\n\t\t<li class=\"wsp-post\"><a href=\"https:\/\/naton.network\/en\/studie-chronische-immunaktivierung-im-gehirn-nach-covid-infektion\/\">Study: chronic immune activation in the brain after COVID-infection<\/a><\/li>\n\t\t<li class=\"wsp-post\"><a href=\"https:\/\/naton.network\/en\/positives-votum-im-nareg-ethik-verfahren\/\">Positive Vote in the NAREG ethics procedure\u00a0<\/a><\/li>\n\t\t<li class=\"wsp-post\"><a href=\"https:\/\/naton.network\/en\/2-naton-quartalsmeeting-2024\/\">2nd NATON Quarterly Meeting 2024<\/a><\/li>\n\t\t<li class=\"wsp-post\"><a href=\"https:\/\/naton.network\/en\/naton-in-okayama-japan\/\">NATON in Okayama, Japan<\/a><\/li>\n\t\t<li class=\"wsp-post\"><a href=\"https:\/\/naton.network\/en\/naton-auf-der-dgp-jahrestagung-2024\/\">NATON at the DGP annual conference 2024<\/a><\/li>\n\t\t<li class=\"wsp-post\"><a href=\"https:\/\/naton.network\/en\/registertage-2024\/\">Registertage 2024<\/a><\/li>\n\t\t<li class=\"wsp-post\"><a href=\"https:\/\/naton.network\/en\/naton-stellungnahme-zur-aeappro\/\">NATON Statement on the German Medical Licensing Act (\u00c4ApprO)<\/a><\/li>\n\t\t<li class=\"wsp-post\"><a href=\"https:\/\/naton.network\/en\/leichen-als-lebensretter\/\">FAS-article: corpses as lifesavers<\/a><\/li>\n\t\t<li class=\"wsp-post\"><a href=\"https:\/\/naton.network\/en\/auswirkungen-von-covid-19-auf-das-gehirn\/\">Effects of COVID-19 on the brain<\/a><\/li>\n\t\t<li class=\"wsp-post\"><a href=\"https:\/\/naton.network\/en\/naton-bei-der-4-dgrm-fruehjahrstagung-digital\/\">NATON at the 4th DGRM Spring Conference Digital<\/a><\/li>\n\t\t<li class=\"wsp-post\"><a href=\"https:\/\/naton.network\/en\/entwicklung-und-fortschritte-von-naton\/\">Development and progress of NATON<\/a><\/li>\n\t\t<li class=\"wsp-post\"><a href=\"https:\/\/naton.network\/en\/1-naton-quartalsmeeting-2024\/\">1st NATON Quarterly Meeting 2024<\/a><\/li>\n\t\t<li class=\"wsp-post\"><a href=\"https:\/\/naton.network\/en\/ultraschallgesteuerte-minimal-invasive-autopsie-auf-der-intensivstation\/\">Ultrasound-guided minimally invasive autopsy in the intensive care unit<\/a><\/li>\n\t\t<li class=\"wsp-post\"><a href=\"https:\/\/naton.network\/en\/covid-mechanismen-bei-adipositas-und-diabetes-mellitus\/\">COVID mechanisms in obesity and diabetes mellitus<\/a><\/li>\n\t\t<li class=\"wsp-post\"><a href=\"https:\/\/naton.network\/en\/naton-bei-der-num-convention\/\">NATON at the NUM Convention<\/a><\/li>\n\t\t<li class=\"wsp-post\"><a href=\"https:\/\/naton.network\/en\/2-naton-netzwerktreffen\/\">2nd NATON Network Meeting \u2013 Thank You!<\/a><\/li>\n\t\t<li class=\"wsp-post\"><a href=\"https:\/\/naton.network\/en\/programm-fuer-2-netzwerktreffen\/\">Program for the 2nd NATON Network Meeting<\/a><\/li>\n\t\t<li class=\"wsp-post\"><a href=\"https:\/\/naton.network\/en\/naton-wuenscht-frohe-feiertage\/\">NATON wishes you happy holidays<\/a><\/li>\n\t\t<li class=\"wsp-post\"><a href=\"https:\/\/naton.network\/en\/num-symposium-am-uke\/\">NUM Symposium at UKE<\/a><\/li>\n\t\t<li class=\"wsp-post\"><a href=\"https:\/\/naton.network\/en\/postmortale-ct-bei-covid-19-verstorbenen\/\">Postmortem CT in COVID-19-decedents<\/a><\/li>\n\t\t<li class=\"wsp-post\"><a href=\"https:\/\/naton.network\/en\/4-naton-quartalsmeeting\/\">4th NATON Quarterly Meeting 2023<\/a><\/li>\n\t\t<li class=\"wsp-post\"><a href=\"https:\/\/naton.network\/en\/anmeldung-zum-2-naton-netzwerktreffen\/\">Registration for the 2nd NATON Network Meeting<\/a><\/li>\n\t\t<li class=\"wsp-post\"><a href=\"https:\/\/naton.network\/en\/naton-bei-pneumovisions-2023\/\">NATON at PneumoVisions 2023<\/a><\/li>\n\t\t<li class=\"wsp-post\"><a href=\"https:\/\/naton.network\/en\/naton-in-japan\/\">NATON in Japan<\/a><\/li>\n\t\t<li class=\"wsp-post\"><a href=\"https:\/\/naton.network\/en\/neues-naton-protokoll-fuer-mits\/\">New NATON-protocol for MITS<\/a><\/li>\n\t\t<li class=\"wsp-post\"><a href=\"https:\/\/naton.network\/en\/naton-bei-bluesky\/\">NATON on Bluesky<\/a><\/li>\n\t\t<li class=\"wsp-post\"><a href=\"https:\/\/naton.network\/en\/neues-review-des-naton-konsortiums-2023\/\">New Review from the NATON Consortium 2023<\/a><\/li>\n\t\t<li class=\"wsp-post\"><a href=\"https:\/\/naton.network\/en\/3-naton-meeting\/\">3. NATON Meeting<\/a><\/li>\n\t\t<li class=\"wsp-post\"><a href=\"https:\/\/naton.network\/en\/naton-beim-icn-2023\/\">NATON at ICN 2023<\/a><\/li>\n\t\t<li class=\"wsp-post\"><a href=\"https:\/\/naton.network\/en\/naton-bei-der-dgrm-jahrestagung-2023\/\">NATON at the DGRM Annual Conference 2023<\/a><\/li>\n\t\t<li class=\"wsp-post\"><a href=\"https:\/\/naton.network\/en\/naton-beim-escv-kongress-2023\/\">NATON at the ESCV Congress 2023<\/a><\/li>\n\t\t<li class=\"wsp-post\"><a href=\"https:\/\/naton.network\/en\/start-des-koordinierten-ethikverfahren\/\">Start of the coordinated ethics procedure<\/a><\/li>\n\t\t<li class=\"wsp-post\"><a href=\"https:\/\/naton.network\/en\/bewilligung-naton-1-0\/\">NATON 1.0 approved<\/a><\/li>\n\t\t<li class=\"wsp-post\"><a href=\"https:\/\/naton.network\/en\/registertage-2023\/\">Registertage 2023<\/a><\/li>\n\t\t<li class=\"wsp-post\"><a href=\"https:\/\/naton.network\/en\/naton-auftaktveranstaltung\/\">Thanks for coming!<\/a><\/li>\n\t\t<li class=\"wsp-post\"><a href=\"https:\/\/naton.network\/en\/news-2\/\">NATON Kick Off @ UKE<\/a><\/li>\n\t\t<li class=\"wsp-post\"><a href=\"https:\/\/naton.network\/en\/news-3\/\">New Paper of the NATON Consortium 2023<\/a><\/li>\n\t\t<li class=\"wsp-post\"><a href=\"https:\/\/naton.network\/en\/lorem-ipsum\/\">Start of NATON 2.0<\/a><\/li>\n<\/ul><\/li>\n\t<li><strong class=\"wsp-category-title\">Category: <a href=\"https:\/\/naton.network\/en\/category\/workshop\/\">Workshop<\/a><\/strong>\n<ul class=\"wsp-posts-list\">\t\t<li class=\"wsp-post\"><a href=\"https:\/\/naton.network\/en\/naton-netzwerktreffen-fuer-praeparatorinnen\/\">NATON-Netzwerktreffen f\u00fcr Pr\u00e4parator:innen<\/a><\/li>\n\t\t<li class=\"wsp-post\"><a href=\"https:\/\/naton.network\/en\/japan-delegation-zu-besuch-bei-naton\/\">Japan delegation visits NATON\u00a0<\/a><\/li>\n<\/ul><\/li>\n<\/ul>\n<h2 class=\"wsp-mc-eventss-title\">Events<\/h2>\n<ul class=\"wsp-mc-eventss-list\">\n<li><a href=\"https:\/\/naton.network\/en\/mc-events\/num-convention-2\/\">NUM Convention<\/a><\/li>\n<li><a href=\"https:\/\/naton.network\/en\/mc-events\/tmf-registertage-2025\/\">TMF Registertage 2025<\/a><\/li>\n<li><a href=\"https:\/\/naton.network\/en\/mc-events\/naton-dgp-jahrestagung-3\/\">NATON @ DGP Jahrestagung<\/a><\/li>\n<li><a href=\"https:\/\/naton.network\/en\/mc-events\/naton-dgp-jahrestagung-2\/\">NATON @ DGP Jahrestagung<\/a><\/li>\n<li><a href=\"https:\/\/naton.network\/en\/mc-events\/4-quartalsmeeting-2025\/\">4. Quartalsmeeting 2025<\/a><\/li>\n<li><a href=\"https:\/\/naton.network\/en\/mc-events\/3-quartalsmeeting-2025\/\">3. Quartalsmeeting 2025<\/a><\/li>\n<li><a href=\"https:\/\/naton.network\/en\/mc-events\/2-quartalsmeeting-2025\/\">2. Quartalsmeeting 2025<\/a><\/li>\n<li><a href=\"https:\/\/naton.network\/en\/mc-events\/naton-netzwerktreffen-1-quartalsmeeting\/\">NATON Netzwerktreffen (&amp; 1. Quartalsmeeting)<\/a><\/li>\n<li><a href=\"https:\/\/naton.network\/en\/mc-events\/naton-dgp-jahrestagung\/\">NATON @ DGP Jahrestagung<\/a><\/li>\n<li><a href=\"https:\/\/naton.network\/en\/mc-events\/4-quartalsmeeting-2024\/\">4. Quartalsmeeting 2024<\/a><\/li>\n<li><a href=\"https:\/\/naton.network\/en\/mc-events\/3-quartalsmeeting-2024\/\">3. Quartalsmeeting 2024<\/a><\/li>\n<li><a href=\"https:\/\/naton.network\/en\/mc-events\/2-quartalsmeeting-2024\/\">2. Quartalsmeeting 2024<\/a><\/li>\n<li><a href=\"https:\/\/naton.network\/en\/mc-events\/1-quartalsmeeting-2024\/\">1. Quartalsmeeting 2024<\/a><\/li>\n<li><a href=\"https:\/\/naton.network\/en\/mc-events\/num-convention\/\">NUM Convention<\/a><\/li>\n<li><a href=\"https:\/\/naton.network\/en\/mc-events\/naton-netzwerktreffen\/\">NATON Netzwerktreffen<\/a><\/li>\n<li><a href=\"https:\/\/naton.network\/en\/mc-events\/naton-dgrm-jahrestagung\/\">NATON @ DGRM Jahrestagung<\/a><\/li>\n<li><a href=\"https:\/\/naton.network\/en\/mc-events\/get-together-icn-2023\/\">Get Together @ ICN 2023<\/a><\/li>\n<li><a href=\"https:\/\/naton.network\/en\/mc-events\/4-quartalsmeeting\/\">4. Quartalsmeeting<\/a><\/li>\n<li><a href=\"https:\/\/naton.network\/en\/mc-events\/3-quartalsmeeting\/\">3. Quartalsmeeting<\/a><\/li>\n<\/ul>\n<h2 class=\"wsp-mc-locationss-title\">Locations<\/h2>\n<ul class=\"wsp-mc-locationss-list\">\n<li><a href=\"https:\/\/naton.network\/en\/mc-locations\/berlin\/\">Berlin<\/a><\/li>\n<li><a href=\"https:\/\/naton.network\/en\/mc-locations\/leipzig\/\">Leipzig<\/a><\/li>\n<li><a href=\"https:\/\/naton.network\/en\/mc-locations\/muenchen\/\">M\u00fcnchen<\/a><\/li>\n<li><a href=\"https:\/\/naton.network\/en\/mc-locations\/jena\/\">Jena<\/a><\/li>\n<li><a href=\"https:\/\/naton.network\/en\/mc-locations\/num-convention-bcc-berlin\/\">NUM Convention, BCC Berlin<\/a><\/li>\n<li><a href=\"https:\/\/naton.network\/en\/mc-locations\/zoom\/\">Zoom<\/a><\/li>\n<li><a href=\"https:\/\/naton.network\/en\/mc-locations\/demo-minnesota-orchestra\/\">Demo: Minnesota Orchestra<\/a><\/li>\n<\/ul>\n<h2 class=\"wsp-mc-event-categorys-title\">Event Categories<\/h2>\n<ul class=\"wsp-mc-event-categorys-list\">\n<li><a href=\"https:\/\/naton.network\/en\/mc-event-category\/ganztaegig\/\">ganzt\u00e4gig<\/a><\/li>\n<li><a href=\"https:\/\/naton.network\/en\/mc-event-category\/general\/\">General<\/a><\/li>\n<li><a href=\"https:\/\/naton.network\/en\/mc-event-category\/uhr\/\">Uhr<\/a><\/li>\n<\/ul>\n<h2 class=\"wsp-mc-location-accesss-title\">Location Accessibility<\/h2>\n<ul class=\"wsp-mc-location-accesss-list\">\n<li><a href=\"https:\/\/naton.network\/en\/mc-location-access\/aufzuege-im-gesamten-publikumsbereich\/\">Aufz\u00fcge im gesamten Publikumsbereich<\/a><\/li>\n<li><a href=\"https:\/\/naton.network\/en\/mc-location-access\/barrierefreie-sitzplaetze\/\">Barrierefreie Sitzpl\u00e4tze<\/a><\/li>\n<li><a href=\"https:\/\/naton.network\/en\/mc-location-access\/barrierefreier-eingang\/\">Barrierefreier Eingang<\/a><\/li>\n<li><a href=\"https:\/\/naton.network\/en\/mc-location-access\/behindertenparkplaetze-vorhanden\/\">Behindertenparkpl\u00e4tze vorhanden<\/a><\/li>\n<li><a href=\"https:\/\/naton.network\/en\/mc-location-access\/rollstuhlgerecht\/\">Rollstuhlgerecht<\/a><\/li>\n<li><a href=\"https:\/\/naton.network\/en\/mc-location-access\/rollstuhlgerechte-toiletten\/\">Rollstuhlgerechte Toiletten<\/a><\/li>\n<li><a href=\"https:\/\/naton.network\/en\/mc-location-access\/sitzgelegenheit-in-uebergroesse-vorhanden\/\">Sitzgelegenheit in \u00dcbergr\u00f6\u00dfe vorhanden<\/a><\/li>\n<\/ul>\n<\/div>\n","protected":false},"excerpt":{"rendered":"","protected":false},"author":23,"featured_media":0,"parent":0,"menu_order":0,"comment_status":"closed","ping_status":"closed","template":"","meta":{"saved_in_kubio":false,"_mc_calendar":[],"footnotes":""},"class_list":["post-4102","page","type-page","status-publish","hentry"],"translation":{"provider":"WPGlobus","version":"3.0.2","language":"en","enabled_languages":["de","en"],"languages":{"de":{"title":true,"content":true,"excerpt":false},"en":{"title":false,"content":false,"excerpt":false}}},"kubio_ai_page_context":{"short_desc":"","purpose":"general"},"_links":{"self":[{"href":"https:\/\/naton.network\/en\/wp-json\/wp\/v2\/pages\/4102","targetHints":{"allow":["GET"]}}],"collection":[{"href":"https:\/\/naton.network\/en\/wp-json\/wp\/v2\/pages"}],"about":[{"href":"https:\/\/naton.network\/en\/wp-json\/wp\/v2\/types\/page"}],"author":[{"embeddable":true,"href":"https:\/\/naton.network\/en\/wp-json\/wp\/v2\/users\/23"}],"replies":[{"embeddable":true,"href":"https:\/\/naton.network\/en\/wp-json\/wp\/v2\/comments?post=4102"}],"version-history":[{"count":2,"href":"https:\/\/naton.network\/en\/wp-json\/wp\/v2\/pages\/4102\/revisions"}],"predecessor-version":[{"id":4104,"href":"https:\/\/naton.network\/en\/wp-json\/wp\/v2\/pages\/4102\/revisions\/4104"}],"wp:attachment":[{"href":"https:\/\/naton.network\/en\/wp-json\/wp\/v2\/media?parent=4102"}],"curies":[{"name":"wp","href":"https:\/\/api.w.org\/{rel}","templated":true}]}}